{"id":77,"date":"2022-03-12T00:51:33","date_gmt":"2022-03-11T23:51:33","guid":{"rendered":"https:\/\/beta.zuechterring-os.de\/?page_id=77"},"modified":"2026-02-01T21:27:34","modified_gmt":"2026-02-01T20:27:34","slug":"umlarvtag","status":"publish","type":"page","link":"https:\/\/www.zuechterring-os.de\/index.php\/umlarvtag\/","title":{"rendered":"Umlarvtage"},"content":{"rendered":"\n<p class=\"has-black-color has-text-color has-link-color wp-elements-c293b7bd83f3bb66b879946ee7ab8631\">Die Verbreitung von guten Herk\u00fcnften ist uns sehr wichtig. Im Rahmen der Umlarvtage ist es m\u00f6glich, Zuchtstoff der Rasse Carnica in \u201ehaushalts\u00fcblichen Mengen\u201c <strong>(max. 20 Larven pro Person)<\/strong> kostenfrei zu erhalten.<\/p>\n\n\n\n<p class=\"has-black-color has-text-color has-link-color wp-elements-f58f99fac64b71ac5513eb05322172d7\">Wir sind alle im Umlarven ge\u00fcbt und erledigen es daher z\u00fcgig f\u00fcr dich. Eigenes Umlarven ist nicht m\u00f6glich. Sobald du deine Larven erh\u00e4ltst, liegt alles Weitere in deiner eigenen Verantwortung. Wir k\u00f6nnen dir keine Garantie f\u00fcr den Erfolg geben. Du musst lediglich Weiseln\u00e4pfe mitbringen und ein feuchtes Tuch f\u00fcr den Transport. Abstammungsnachweise werden vom Z\u00fcchterring Osnabr\u00fccker Land nicht mitgegeben.<\/p>\n\n\n\n<p class=\"has-black-color has-text-color has-link-color wp-elements-2f939c9dc9730966c36919332457b8b0\">Der Z\u00fcchterring Osnabr\u00fccker Land veranstaltet in 2026 keinen offiziellen Umlarvtag. Es ist allerdings nach Absprache m\u00f6glich von unseren Z\u00fcchtern Zuchtstoff, der Rasse Carnica zu erhalten. Bei Interesse sende eine Mail an: info (at) svensbienen.de mit deinen Kontaktdaten. Sven vermittelt dann einen passenden Z\u00fcchter aus dem Zuchtring. <\/p>\n\n\n\n<p class=\"has-black-color has-text-color has-link-color wp-elements-a6f6ce33f060a2e344048b06c452edc9\">Alternativ l\u00e4d unser Vereinsmitglied Lothar Kr\u00fcger  am 17.05.2026, im Namen des Kreisimkervereins M\u00fcnster, zum Umlarvtag auf die Waldbelegstelle Davert ein. Um Anmeldung via E-Mail wird gebeten .<\/p>\n\n\n\n<p class=\"has-black-color has-text-color has-link-color has-medium-font-size wp-elements-c3130dc2c1623387385af30a307c1336\"><strong>Termine:<\/strong><\/p>\n\n\n\n<pre class=\"wp-block-verse has-black-color has-text-color has-link-color has-small-font-size wp-elements-28f4a552ae7d3c49084a8ebf055e4b2c\"><strong>17.05.2026 Umlarvtag des Kreisimkerverein M\u00fcnster<\/strong>\n15h\nWaldbelegstelle Davert\nWeiter Infos: <a href=\"https:\/\/www.kiv-muenster.de\/seite\/706392\/belegstelle-davert.html\">www.kiv-muenster.de\/seite\/706392\/belegstelle-davert.html<\/a>\n<strong>Anmeldung erforderlich!<\/strong> \nLothar Kr\u00fcger: lothar.krueger(at)kiv-muenster.de\nBitte teile folgendes via Mail mit:\n- Name\n- Telefonnummer (falls es kurzfristige \u00c4nderungen gibt)\n- ben\u00f6tigten Menge an Larven<\/pre>\n\n\n\n<p><\/p>\n\n\n\n<p class=\"has-black-color has-text-color has-link-color wp-elements-7b9547f9b709edc330e742d604262019\"><strong>Tipps zur Vorbereitung:<\/strong><\/p>\n\n\n\n<p class=\"has-black-color has-text-color has-link-color wp-elements-77b7f8c82bc1830c9438087bb7eed124\">Larven k\u00f6nnen unter optimalen Bedingungen bis zu 6 Stunden \u00fcberleben, allerdings solltest du dieses Zeitfenster nicht aussch\u00f6pfen. Wir empfehlen daher, die Larven schnellstm\u00f6glich in die Obhut deiner eigenen Bienen zu geben. Daf\u00fcr ist eine gute Planung und Vorbereitung unerl\u00e4sslich.<br><br>Zur Pflege der Larven empfehlen wir einen Sammelbrutableger (SBA). Alle folgenden Angaben beziehen sich auf DNM und m\u00fcssen f\u00fcr andere R\u00e4hmchenma\u00dfe abgewandelt werden.<br><br>Start 9 Tage vor dem Umlarvtermin<br><br>Du ben\u00f6tigst:<br>1 leere Zarge<br>1 Boden<br>1 Deckel<br>1 K\u00f6niginnenabsperrgitter<br>8-9 Brutwaben (am besten mit einem kleinen Futterkranz)<br>2 Waben mit Futter und Pollen<br><br>9 Tage vor dem Umlarvtermin bereitest du alles vor: In deine einzargige Beute kommen 9 Brutwaben mit ansitzenden Bienen und OHNE K\u00f6nigin. Bei Kaltbau gibst du die Futterwaben an die Au\u00dfenw\u00e4nde links und rechts, bei Warmbau nach hinten. Nun bringst du alles an einen 2. Standort au\u00dferhalb des Flugkreises. Au\u00dfen vor dem Flugloch wird das K\u00f6niginnenabsperrgitter angebracht. Optimal ist es, wenn du zus\u00e4tzlich verhindern kannst, dass sich eine K\u00f6nigin direkt unter den Gitterboden des Volkes setzen kann. Der Boden sollte aber nicht durch eine Platte verschlossen werden, denn in dem SBA wird es nach 9 Tagen voll.<br>Nach 9 Tagen brichst du, bevor du deine Larven holst, ALLE Nachschaffungszellen. Am besten, du fegst daf\u00fcr alle Brutwaben ab. Dein SBA sollte nun \u00fcbervoll mit Bienen sein. Hast du keine Nachschaffungszellen ist etwas schief gegangen und du kannst dir das Abholen vom Zuchtstoff sparen. Entferne ein R\u00e4hmchen aus der Mitte, in diese L\u00fccke h\u00e4ngst du nach fr\u00fchestens ca. 2h dein R\u00e4hmchen mit dem Zuchtstoff. Einem SBA in dieser Gr\u00f6\u00dfe kannst du ca. 20 Larven zur Pflege geben. Viel hilft in diesem Falle nicht viel, die Bienen pflegen nur so viele Larven wie sie gut versorgen k\u00f6nnen. Am 6. Tag nach dem Umlarven solltest du vorsichtig die Weiselzellen k\u00e4figen. An Tag 13 schl\u00fcpfen deine K\u00f6niginnen. Zur Begattung kannst du den SBA nun in kleinere Ableger aufteilen oder mit den Bienen des SBA deine BGE best\u00fccken.<br><br>Nat\u00fcrlich gibt es noch viele weitere Wege, die zum Ziel f\u00fchren, dieser soll lediglich eine M\u00f6glichkeit aufzeigen.<br><br>Am Sonntagabend, k\u00f6nntest du die unbegatteten K\u00f6niginnen in EWK\u2019s zu Klaus Besseling nach Emsdetten bringen, damit sie am DI auf der Inselbelegstelle Wangerooge aufgestellt werden. F\u00fcr Anf\u00e4nger ist vielleicht die Landbelegstelle Davert (https:\/\/kiv-muenster.de\/bienenfachbereiche\/zuchtwesen-belegstelle\/) eine interessante und unkomplizierte Alternative, um erste Erfahrungen zu sammeln.<br><br>Wir w\u00fcnschen viel Erfolg!<\/p>\n\n\n\n<p><\/p>\n","protected":false},"excerpt":{"rendered":"<p>Die Verbreitung von guten Herk\u00fcnften ist uns sehr wichtig. Im Rahmen der Umlarvtage ist es m\u00f6glich, Zuchtstoff der Rasse Carnica in \u201ehaushalts\u00fcblichen Mengen\u201c (max. 20 Larven pro Person) kostenfrei zu erhalten. Wir sind alle im Umlarven ge\u00fcbt und erledigen es daher z\u00fcgig f\u00fcr dich. Eigenes Umlarven ist nicht m\u00f6glich. Sobald du deine Larven erh\u00e4ltst, liegt &hellip; <\/p>\n<p class=\"link-more\"><a href=\"https:\/\/www.zuechterring-os.de\/index.php\/umlarvtag\/\" class=\"more-link\"><span class=\"screen-reader-text\">\u201eUmlarvtage\u201c <\/span>weiterlesen<\/a><\/p>\n","protected":false},"author":2,"featured_media":0,"parent":0,"menu_order":0,"comment_status":"closed","ping_status":"closed","template":"","meta":{"footnotes":""},"class_list":["post-77","page","type-page","status-publish","hentry"],"_links":{"self":[{"href":"https:\/\/www.zuechterring-os.de\/index.php\/wp-json\/wp\/v2\/pages\/77","targetHints":{"allow":["GET"]}}],"collection":[{"href":"https:\/\/www.zuechterring-os.de\/index.php\/wp-json\/wp\/v2\/pages"}],"about":[{"href":"https:\/\/www.zuechterring-os.de\/index.php\/wp-json\/wp\/v2\/types\/page"}],"author":[{"embeddable":true,"href":"https:\/\/www.zuechterring-os.de\/index.php\/wp-json\/wp\/v2\/users\/2"}],"replies":[{"embeddable":true,"href":"https:\/\/www.zuechterring-os.de\/index.php\/wp-json\/wp\/v2\/comments?post=77"}],"version-history":[{"count":30,"href":"https:\/\/www.zuechterring-os.de\/index.php\/wp-json\/wp\/v2\/pages\/77\/revisions"}],"predecessor-version":[{"id":293,"href":"https:\/\/www.zuechterring-os.de\/index.php\/wp-json\/wp\/v2\/pages\/77\/revisions\/293"}],"wp:attachment":[{"href":"https:\/\/www.zuechterring-os.de\/index.php\/wp-json\/wp\/v2\/media?parent=77"}],"curies":[{"name":"wp","href":"https:\/\/api.w.org\/{rel}","templated":true}]}}