{"id":34,"date":"2022-03-02T19:44:20","date_gmt":"2022-03-02T18:44:20","guid":{"rendered":"https:\/\/beta.zuechterring-os.de\/?page_id=34"},"modified":"2025-03-08T17:47:48","modified_gmt":"2025-03-08T16:47:48","slug":"belegstelle-wangerooge","status":"publish","type":"page","link":"https:\/\/www.zuechterring-os.de\/index.php\/belegstelle-wangerooge\/","title":{"rendered":"Belegstellen"},"content":{"rendered":"\n<p class=\"has-black-color has-text-color has-link-color wp-elements-7944ec09bc05de350c73f8666c598b51\">Als Z\u00fcchterring betreiben wir keine eigene Belegstelle. Allerdings haben wir durch drei unserer Mitglieder einen direkten Draht zur Inselbelegstelle Wangerooge und zur gr\u00f6\u00dften Landbelegstelle in NRW, der Waldbelegstelle Davert.<br><br>Wer seine K\u00f6niginnen kontrolliert anpaaren m\u00f6chte ist auf Belegstellen oder k\u00fcnstliche Besamung angewiesen. Zu den sichersten Belegstellen geh\u00f6ren Inseln. Im Landesverband der Imker Weser-Ems e.V. sind verschiedene Belegstellen und Besamungsstationen f\u00fcr Buckfast- und Carnicak\u00f6niginnen organisiert.<br> <br>Gerne kannst du deine K\u00f6niginnen, nach vorheriger Absprache, auch bei Mechtild und Klaus Besseling in Emsdetten anliefern. Bitte erkundige dich vorher auf der Website der <a href=\"http:\/\/www.belegstelle-wangerooge.de\/\" data-type=\"URL\" data-id=\"http:\/\/www.belegstelle-wangerooge.de\/\" target=\"_blank\" rel=\"noreferrer noopener\">Belegstelle Wangerooge<\/a> \u00fcber die aktuellen Beschickungs- und Anlieferungsbedingungen. Auf der Website findest du auch weitere Infos zur aktuellen Drohnenlinie.<br><br>Die Waldbelegstelle Davert ist eine durch den Landesverband Westf\u00e4lisch Lippischer Imker anerkannte Varroatoleranzzucht Belegstelle. Betreiber ist der Kreisimkerverein M\u00fcnster. Mit 14 Carnica-V\u00f6lkern ist die Waldbelegstelle Davert die gr\u00f6\u00dfte in NRW. Aktuelle Infos zur Belegstelle findest du auf der Website des <a href=\"https:\/\/www.kiv-muenster.de\/seite\/706392\/belegstelle-davert.html\">Imkerverein M\u00fcnsters<\/a>.<\/p>\n\n\n\n<p><\/p>\n","protected":false},"excerpt":{"rendered":"<p>Als Z\u00fcchterring betreiben wir keine eigene Belegstelle. Allerdings haben wir durch drei unserer Mitglieder einen direkten Draht zur Inselbelegstelle Wangerooge und zur gr\u00f6\u00dften Landbelegstelle in NRW, der Waldbelegstelle Davert. Wer seine K\u00f6niginnen kontrolliert anpaaren m\u00f6chte ist auf Belegstellen oder k\u00fcnstliche Besamung angewiesen. Zu den sichersten Belegstellen geh\u00f6ren Inseln. Im Landesverband der Imker Weser-Ems e.V. sind &hellip; <\/p>\n<p class=\"link-more\"><a href=\"https:\/\/www.zuechterring-os.de\/index.php\/belegstelle-wangerooge\/\" class=\"more-link\"><span class=\"screen-reader-text\">\u201eBelegstellen\u201c <\/span>weiterlesen<\/a><\/p>\n","protected":false},"author":2,"featured_media":0,"parent":0,"menu_order":0,"comment_status":"closed","ping_status":"closed","template":"","meta":{"footnotes":""},"class_list":["post-34","page","type-page","status-publish","hentry"],"_links":{"self":[{"href":"https:\/\/www.zuechterring-os.de\/index.php\/wp-json\/wp\/v2\/pages\/34","targetHints":{"allow":["GET"]}}],"collection":[{"href":"https:\/\/www.zuechterring-os.de\/index.php\/wp-json\/wp\/v2\/pages"}],"about":[{"href":"https:\/\/www.zuechterring-os.de\/index.php\/wp-json\/wp\/v2\/types\/page"}],"author":[{"embeddable":true,"href":"https:\/\/www.zuechterring-os.de\/index.php\/wp-json\/wp\/v2\/users\/2"}],"replies":[{"embeddable":true,"href":"https:\/\/www.zuechterring-os.de\/index.php\/wp-json\/wp\/v2\/comments?post=34"}],"version-history":[{"count":10,"href":"https:\/\/www.zuechterring-os.de\/index.php\/wp-json\/wp\/v2\/pages\/34\/revisions"}],"predecessor-version":[{"id":282,"href":"https:\/\/www.zuechterring-os.de\/index.php\/wp-json\/wp\/v2\/pages\/34\/revisions\/282"}],"wp:attachment":[{"href":"https:\/\/www.zuechterring-os.de\/index.php\/wp-json\/wp\/v2\/media?parent=34"}],"curies":[{"name":"wp","href":"https:\/\/api.w.org\/{rel}","templated":true}]}}