{"id":30,"date":"2022-03-02T19:43:37","date_gmt":"2022-03-02T18:43:37","guid":{"rendered":"https:\/\/beta.zuechterring-os.de\/?page_id=30"},"modified":"2022-12-14T10:34:53","modified_gmt":"2022-12-14T09:34:53","slug":"vorstand","status":"publish","type":"page","link":"https:\/\/www.zuechterring-os.de\/index.php\/vorstand\/","title":{"rendered":"Vorstand"},"content":{"rendered":"\n<pre class=\"wp-block-verse has-white-background-color has-background\" style=\"font-size:15px\"><strong>1. Vorsitzender<\/strong>\tChristian Heinrich Jockheck \n<strong>2. Vorsitzender<\/strong>\tKlaus Besseling\n<strong>Schriftf\u00fchrer<\/strong>\t        David Kopf\n<strong>Kassenwart\t<\/strong>        Sven Kochan<\/pre>\n\n\n\n<pre class=\"wp-block-verse has-white-background-color has-background\"><strong>Z\u00fcchterring Osnabr\u00fccker Land e.V.<\/strong>\nHeidland 55\n49214 Bad Rothenfelde\n\nRegistergericht: Amtsgericht Osnabr\u00fcck\nRegisternummer: VerR201863\n\n\nKreissparkasse Melle\nIBAN DE88 2655 2286 0161 3205 93\nBIC NOLADE21MEL\n\nwww.zuechterring-os.de\ninfo(at)zuechterring-os.de<\/pre>\n","protected":false},"excerpt":{"rendered":"<p>1. Vorsitzender Christian Heinrich Jockheck 2. Vorsitzender Klaus Besseling Schriftf\u00fchrer David Kopf Kassenwart Sven Kochan Z\u00fcchterring Osnabr\u00fccker Land e.V. Heidland 55 49214 Bad Rothenfelde Registergericht: Amtsgericht Osnabr\u00fcck Registernummer: VerR201863 Kreissparkasse Melle IBAN DE88 2655 2286 0161 3205 93 BIC NOLADE21MEL www.zuechterring-os.de info(at)zuechterring-os.de<\/p>\n","protected":false},"author":2,"featured_media":0,"parent":0,"menu_order":0,"comment_status":"closed","ping_status":"closed","template":"","meta":{"footnotes":""},"class_list":["post-30","page","type-page","status-publish","hentry"],"_links":{"self":[{"href":"https:\/\/www.zuechterring-os.de\/index.php\/wp-json\/wp\/v2\/pages\/30","targetHints":{"allow":["GET"]}}],"collection":[{"href":"https:\/\/www.zuechterring-os.de\/index.php\/wp-json\/wp\/v2\/pages"}],"about":[{"href":"https:\/\/www.zuechterring-os.de\/index.php\/wp-json\/wp\/v2\/types\/page"}],"author":[{"embeddable":true,"href":"https:\/\/www.zuechterring-os.de\/index.php\/wp-json\/wp\/v2\/users\/2"}],"replies":[{"embeddable":true,"href":"https:\/\/www.zuechterring-os.de\/index.php\/wp-json\/wp\/v2\/comments?post=30"}],"version-history":[{"count":3,"href":"https:\/\/www.zuechterring-os.de\/index.php\/wp-json\/wp\/v2\/pages\/30\/revisions"}],"predecessor-version":[{"id":238,"href":"https:\/\/www.zuechterring-os.de\/index.php\/wp-json\/wp\/v2\/pages\/30\/revisions\/238"}],"wp:attachment":[{"href":"https:\/\/www.zuechterring-os.de\/index.php\/wp-json\/wp\/v2\/media?parent=30"}],"curies":[{"name":"wp","href":"https:\/\/api.w.org\/{rel}","templated":true}]}}