{"id":187,"date":"2022-03-15T14:04:17","date_gmt":"2022-03-15T13:04:17","guid":{"rendered":"https:\/\/beta.zuechterring-os.de\/?page_id=187"},"modified":"2025-03-08T17:48:28","modified_gmt":"2025-03-08T16:48:28","slug":"home2","status":"publish","type":"page","link":"https:\/\/www.zuechterring-os.de\/","title":{"rendered":"Der Z\u00fcchterring Osnabr\u00fccker Land"},"content":{"rendered":"\n<div class=\"wp-block-media-text alignwide has-media-on-the-right is-stacked-on-mobile\"><div class=\"wp-block-media-text__content\">\n<p class=\"has-black-color has-white-background-color has-text-color has-background has-link-color wp-elements-d6bea07733761eeab779f8acfb463ec3\" style=\"font-size:15px\">Wir sind ein noch recht junger Zusammenschluss von Imkern aus dem n\u00f6rdlichen NRW und Niedersachsen. Unser Verein ist Mitglied im Landesverband der Imker Weser Ems e.V.. Ziel ist es, Erfahrungen und Wissen auszutauschen und unsere K\u00f6niginnenzuchten durch die Zusammenarbeit erfolgreicher zu machen. Au\u00dferdem unterst\u00fctzen wir uns gegenseitig mit Zuchtstoff oder organisieren Sammelanlieferungen zu Belegstellen. Auch wenn in unserem Verein gr\u00f6\u00dftenteils die Carnica gez\u00fcchtet wird, sind auch Buckfastimker herzlich willkommen.<\/p>\n<\/div><figure class=\"wp-block-media-text__media\"><img loading=\"lazy\" decoding=\"async\" width=\"794\" height=\"1123\" src=\"https:\/\/www.zuechterring-os.de\/wp-content\/uploads\/2022\/03\/Zuechterring-Logo-mit-Text-1.png\" alt=\"\" class=\"wp-image-195 size-full\"\/><\/figure><\/div>\n\n\n\n<div class=\"wp-block-columns alignwide is-layout-flex wp-container-core-columns-is-layout-9d6595d7 wp-block-columns-is-layout-flex\">\n<div class=\"wp-block-column is-layout-flow wp-block-column-is-layout-flow\" style=\"flex-basis:50%\">\n<figure class=\"wp-block-image\"><img loading=\"lazy\" decoding=\"async\" width=\"1920\" height=\"1275\" src=\"https:\/\/www.zuechterring-os.de\/wp-content\/uploads\/2022\/03\/zuechterring-osnabruecker-land-7-2.jpg\" alt=\"\" class=\"wp-image-196\"\/><\/figure>\n<\/div>\n\n\n\n<div class=\"wp-block-column is-layout-flow wp-block-column-is-layout-flow\" style=\"flex-basis:50%\">\n<div class=\"wp-block-group\"><div class=\"wp-block-group__inner-container is-layout-constrained wp-block-group-is-layout-constrained\">\n<div class=\"wp-block-columns is-layout-flex wp-container-core-columns-is-layout-9d6595d7 wp-block-columns-is-layout-flex\">\n<div class=\"wp-block-column is-layout-flow wp-block-column-is-layout-flow\" style=\"flex-basis:100%\">\n<p class=\"has-black-color has-text-color has-link-color wp-elements-e696c93df527f15203a0bc6513d02fa3\" style=\"font-size:15px\">Durch unseren Umlarvtag m\u00f6chten wir auch Hobbyimkern aus der Umgebung die M\u00f6glichkeit geben, ihre Bienenv\u00f6lker sanftm\u00fctiger und leistungsf\u00e4higer zu machen.<\/p>\n\n\n\n<p class=\"has-black-color has-text-color has-link-color wp-elements-7a2cf9f1639ff2bc5aeee8c510a0869d\" style=\"font-size:15px\"> \u00dcber Mechtild und Klaus Besseling haben wir seit 2022 einen direkten Draht zur Carnica- Inselbelegstelle Wangerooge, die vom Landesverband der Imker Weser Ems e.V. betrieben wird. Anlieferungen von K\u00f6niginnen f\u00fcr diese Belegstelle sind nun auch in Emsdetten, nach Absprache, m\u00f6glich.<\/p>\n\n\n\n<p class=\"has-black-color has-text-color has-link-color wp-elements-aac16a3ec53c097956cf5b42e873e2dc\" style=\"font-size:15px\">Seit 2024 ist auch Lothar Kr\u00fcger Vereinsmitglied. Er betreut die Belegstelle Davert. Die Waldbelegstelle Davert ist eine durch den Landesverband Westf\u00e4lisch Lippischer Imker anerkannte Varroatoleranzzucht Belegstelle. Betreiber ist der Kreisimkerverein M\u00fcnster. <\/p>\n\n\n\n<p class=\"has-black-color has-text-color has-link-color wp-elements-12079515ceea3c23b9e242c9a34e8eda\" style=\"font-size:15px\">Die Belegstellen steht allen zur Verf\u00fcgung, die ihr Bienenmaterial verbessern m\u00f6chten.<\/p>\n<\/div>\n<\/div>\n<\/div><\/div>\n<\/div>\n<\/div>\n\n\n\n<p><\/p>\n","protected":false},"excerpt":{"rendered":"<p>Wir sind ein noch recht junger Zusammenschluss von Imkern aus dem n\u00f6rdlichen NRW und Niedersachsen. Unser Verein ist Mitglied im Landesverband der Imker Weser Ems e.V.. Ziel ist es, Erfahrungen und Wissen auszutauschen und unsere K\u00f6niginnenzuchten durch die Zusammenarbeit erfolgreicher zu machen. Au\u00dferdem unterst\u00fctzen wir uns gegenseitig mit Zuchtstoff oder organisieren Sammelanlieferungen zu Belegstellen. Auch &hellip; <\/p>\n<p class=\"link-more\"><a href=\"https:\/\/www.zuechterring-os.de\/\" class=\"more-link\"><span class=\"screen-reader-text\">\u201eDer Z\u00fcchterring Osnabr\u00fccker Land\u201c <\/span>weiterlesen<\/a><\/p>\n","protected":false},"author":2,"featured_media":0,"parent":0,"menu_order":0,"comment_status":"closed","ping_status":"closed","template":"","meta":{"footnotes":""},"class_list":["post-187","page","type-page","status-publish","hentry"],"_links":{"self":[{"href":"https:\/\/www.zuechterring-os.de\/index.php\/wp-json\/wp\/v2\/pages\/187","targetHints":{"allow":["GET"]}}],"collection":[{"href":"https:\/\/www.zuechterring-os.de\/index.php\/wp-json\/wp\/v2\/pages"}],"about":[{"href":"https:\/\/www.zuechterring-os.de\/index.php\/wp-json\/wp\/v2\/types\/page"}],"author":[{"embeddable":true,"href":"https:\/\/www.zuechterring-os.de\/index.php\/wp-json\/wp\/v2\/users\/2"}],"replies":[{"embeddable":true,"href":"https:\/\/www.zuechterring-os.de\/index.php\/wp-json\/wp\/v2\/comments?post=187"}],"version-history":[{"count":6,"href":"https:\/\/www.zuechterring-os.de\/index.php\/wp-json\/wp\/v2\/pages\/187\/revisions"}],"predecessor-version":[{"id":279,"href":"https:\/\/www.zuechterring-os.de\/index.php\/wp-json\/wp\/v2\/pages\/187\/revisions\/279"}],"wp:attachment":[{"href":"https:\/\/www.zuechterring-os.de\/index.php\/wp-json\/wp\/v2\/media?parent=187"}],"curies":[{"name":"wp","href":"https:\/\/api.w.org\/{rel}","templated":true}]}}